{"id":7,"date":"2018-11-06T10:34:45","date_gmt":"2018-11-06T10:34:45","guid":{"rendered":"https:\/\/targuldeturism.ro\/about\/"},"modified":"2026-03-10T06:57:18","modified_gmt":"2026-03-10T04:57:18","slug":"info-expozanti","status":"publish","type":"page","link":"https:\/\/targuldeturism.ro\/en\/info-expozanti\/","title":{"rendered":"Exhibitor info"},"content":{"rendered":"<div class=\"wpb-content-wrapper\"><div class=\"vc_row wpb_row vc_row-fluid vc_custom_1561964015799 vc_row-o-equal-height vc_row-o-content-middle vc_row-flex\"><div class=\"wpb_column vc_column_container vc_col-sm-6\"><div class=\"vc_column-inner vc_custom_1561963982378\"><div class=\"wpb_wrapper\"><div id=\"ultimate-heading-58569d027798e3d7\" class=\"uvc-heading ult-adjust-bottom-margin ultimate-heading-58569d027798e3d7 uvc-54  uvc-heading-default-font-sizes\" data-hspacer=\"no_spacer\"  data-halign=\"left\" style=\"text-align:left\"><div class=\"uvc-heading-spacer no_spacer\" style=\"top\"><\/div><div class=\"uvc-sub-heading ult-responsive\"  data-ultimate-target='.uvc-heading.ultimate-heading-58569d027798e3d7 .uvc-sub-heading '  data-responsive-json-new='{\"font-size\":\"\",\"line-height\":\"\"}'  style=\"font-weight:normal;\"><\/p>\n<p style=\"text-align: justify;\">The autumn edition of the Romanian Tourism Fair takes place between November 19 and 22, 2026, being dedicated to both travel agencies, tour operators, international participations and tourist services, as well as to tourist areas in Romania through: Territorial Administrative Units, County Councils, City Halls, Tourism Associations, Tourist Offices.<\/p>\n<p><strong>Romanian Tourism Fair \u2013 the tradition continues at the 54th edition<\/strong><\/p>\n<p style=\"text-align: justify;\">The exhibition presents the newest and most interesting tourist offers, being an event addressed to travel agencies and tour operators, accommodation and leisure units, as well as providers of various tourism services or local, national and international tourism authorities.<\/p>\n<p><\/div><\/div><\/div><\/div><\/div><div class=\"wpb_column vc_column_container vc_col-sm-6\"><div class=\"vc_column-inner\"><div class=\"wpb_wrapper\">\n\t<div  class=\"wpb_single_image wpb_content_element vc_align_left  vc_custom_1754293647419\">\n\t\t\n\t\t<figure class=\"wpb_wrapper vc_figure\">\n\t\t\t<div class=\"vc_single_image-wrapper   vc_box_border_grey\"><img loading=\"lazy\" decoding=\"async\" width=\"1600\" height=\"1200\" src=\"https:\/\/targuldeturism.ro\/wp-content\/uploads\/2025\/08\/facebook_1754293439972_7358039992448326302.jpg\" class=\"vc_single_image-img attachment-full\" alt=\"\" title=\"facebook_1754293439972_7358039992448326302\" srcset=\"https:\/\/targuldeturism.ro\/wp-content\/uploads\/2025\/08\/facebook_1754293439972_7358039992448326302.jpg 1600w, https:\/\/targuldeturism.ro\/wp-content\/uploads\/2025\/08\/facebook_1754293439972_7358039992448326302-300x225.jpg 300w, https:\/\/targuldeturism.ro\/wp-content\/uploads\/2025\/08\/facebook_1754293439972_7358039992448326302-1024x768.jpg 1024w, https:\/\/targuldeturism.ro\/wp-content\/uploads\/2025\/08\/facebook_1754293439972_7358039992448326302-768x576.jpg 768w, https:\/\/targuldeturism.ro\/wp-content\/uploads\/2025\/08\/facebook_1754293439972_7358039992448326302-1536x1152.jpg 1536w\" sizes=\"auto, (max-width: 1600px) 100vw, 1600px\"  data-dt-location=\"https:\/\/targuldeturism.ro\/en\/info-expozanti\/facebook_1754293439972_7358039992448326302\/\" \/><\/div>\n\t\t<\/figure>\n\t<\/div>\n<\/div><\/div><\/div><\/div><div class=\"vc_row wpb_row vc_row-fluid vc_custom_1561964015799 vc_row-o-equal-height vc_row-o-content-middle vc_row-flex\"><div class=\"wpb_column vc_column_container vc_col-sm-6\"><div class=\"vc_column-inner vc_custom_1561963982378\"><div class=\"wpb_wrapper\">\n\t<div  class=\"wpb_single_image wpb_content_element vc_align_left  vc_custom_1754293693351\">\n\t\t\n\t\t<figure class=\"wpb_wrapper vc_figure\">\n\t\t\t<div class=\"vc_single_image-wrapper   vc_box_border_grey\"><img loading=\"lazy\" decoding=\"async\" width=\"2048\" height=\"1536\" src=\"https:\/\/targuldeturism.ro\/wp-content\/uploads\/2025\/08\/facebook_1754293480789_7358040163649784426.jpg\" class=\"vc_single_image-img attachment-full\" alt=\"\" title=\"facebook_1754293480789_7358040163649784426\" srcset=\"https:\/\/targuldeturism.ro\/wp-content\/uploads\/2025\/08\/facebook_1754293480789_7358040163649784426.jpg 2048w, https:\/\/targuldeturism.ro\/wp-content\/uploads\/2025\/08\/facebook_1754293480789_7358040163649784426-300x225.jpg 300w, https:\/\/targuldeturism.ro\/wp-content\/uploads\/2025\/08\/facebook_1754293480789_7358040163649784426-1024x768.jpg 1024w, https:\/\/targuldeturism.ro\/wp-content\/uploads\/2025\/08\/facebook_1754293480789_7358040163649784426-768x576.jpg 768w, https:\/\/targuldeturism.ro\/wp-content\/uploads\/2025\/08\/facebook_1754293480789_7358040163649784426-1536x1152.jpg 1536w\" sizes=\"auto, (max-width: 2048px) 100vw, 2048px\"  data-dt-location=\"https:\/\/targuldeturism.ro\/en\/info-expozanti\/facebook_1754293480789_7358040163649784426\/\" \/><\/div>\n\t\t<\/figure>\n\t<\/div>\n<\/div><\/div><\/div><div class=\"wpb_column vc_column_container vc_col-sm-6\"><div class=\"vc_column-inner\"><div class=\"wpb_wrapper\"><div id=\"ultimate-heading-703369d027798f7a8\" class=\"uvc-heading ult-adjust-bottom-margin ultimate-heading-703369d027798f7a8 uvc-6658  uvc-heading-default-font-sizes\" data-hspacer=\"no_spacer\"  data-halign=\"left\" style=\"text-align:left\"><div class=\"uvc-heading-spacer no_spacer\" style=\"top\"><\/div><div class=\"uvc-sub-heading ult-responsive\"  data-ultimate-target='.uvc-heading.ultimate-heading-703369d027798f7a8 .uvc-sub-heading '  data-responsive-json-new='{\"font-size\":\"\",\"line-height\":\"\"}'  style=\"font-weight:normal;\"><\/p>\n<div id=\"ultimate-heading-7583689065548f797\" class=\"uvc-heading ult-adjust-bottom-margin ultimate-heading-7583689065548f797 uvc-2812 color-title accent-title-color\" data-hspacer=\"no_spacer\" data-halign=\"left\">\n<div class=\"uvc-main-heading ult-responsive\" data-ultimate-target=\".uvc-heading.ultimate-heading-7583689065548f797 h2\" data-responsive-json-new=\"{&quot;font-size&quot;:&quot;desktop:15px;&quot;,&quot;line-height&quot;:&quot;desktop:26px;&quot;}\">\n<h2>Arrangement period:<\/h2>\n<\/div>\n<\/div>\n<div class=\"standard-arrow bullet-top\">\n<ul>\n<li>Pentru firmele care construiesc standurile \u00een regim propriu sau cu firm\u0103 ter\u021b\u0103: 16 \u2013 18.11.2026, interval orar 08:00 \u2013 20:00<\/li>\n<li>Pentru firmele care construiesc standurile cu Romexpo: 18.11.2026, interval orar 08:00 \u2013 20:00<\/li>\n<\/ul>\n<\/div>\n<div id=\"ultimate-heading-6333689065548f825\" class=\"uvc-heading ult-adjust-bottom-margin ultimate-heading-6333689065548f825 uvc-7805 color-title accent-title-color\" data-hspacer=\"no_spacer\" data-halign=\"left\">\n<div class=\"uvc-heading-spacer no_spacer\"><\/div>\n<div class=\"uvc-main-heading ult-responsive\" data-ultimate-target=\".uvc-heading.ultimate-heading-6333689065548f825 h2\" data-responsive-json-new=\"{&quot;font-size&quot;:&quot;desktop:15px;&quot;,&quot;line-height&quot;:&quot;desktop:26px;&quot;}\">\n<h2>Decommissioning period:<\/h2>\n<\/div>\n<\/div>\n<div class=\"standard-arrow bullet-top\">\n<ul>\n<li>22.11.2026, interval orar 18:00 \u2013 20:00 ( acces Bulevardul Poligrafiei, 2, Poarta E-Romexpo, Pavilion B2 )<\/li>\n<li>23 \u2013 24.11.2026, interval orar 08:00 \u2013 20:00 ( acces Bulevardul Poligrafiei, 2, Poarta E-Romexpo, Pavilion B2 )<\/li>\n<\/ul>\n<\/div>\n<p><\/div><\/div><\/div><\/div><\/div><\/div>\n<\/div>","protected":false},"excerpt":{"rendered":"<p>Edi\u021bia de toamn\u0103 a T\u00e2rgului de Turism al Rom\u00e2niei are loc \u00een perioada 19 \u2013 22 noiembrie 2026, fiind dedicat at\u00e2t agen\u021biilor de turism, touroperatorilor, particip\u0103rilor interna\u021bionale \u0219i serviciilor turistice, c\u00e2t si zonelor turistice din Rom\u00e2nia prin intermediul: Unitatilor Administrativ Teritoriale, Consiliilor Jude\u021bene, Prim\u0103riior, Asocia\u021biilor de Turism, Oficiilor de Turism. T\u00e2rgul de Turism al Rom\u00e2niei&hellip;<\/p>","protected":false},"author":1,"featured_media":0,"parent":0,"menu_order":0,"comment_status":"closed","ping_status":"closed","template":"","meta":{"_monsterinsights_skip_tracking":false,"_monsterinsights_sitenote_active":false,"_monsterinsights_sitenote_note":"","_monsterinsights_sitenote_category":0,"_uf_show_specific_survey":0,"_uf_disable_surveys":false,"footnotes":""},"class_list":["post-7","page","type-page","status-publish","hentry","description-off"],"aioseo_notices":[],"jetpack_sharing_enabled":true,"_links":{"self":[{"href":"https:\/\/targuldeturism.ro\/en\/wp-json\/wp\/v2\/pages\/7","targetHints":{"allow":["GET"]}}],"collection":[{"href":"https:\/\/targuldeturism.ro\/en\/wp-json\/wp\/v2\/pages"}],"about":[{"href":"https:\/\/targuldeturism.ro\/en\/wp-json\/wp\/v2\/types\/page"}],"author":[{"embeddable":true,"href":"https:\/\/targuldeturism.ro\/en\/wp-json\/wp\/v2\/users\/1"}],"replies":[{"embeddable":true,"href":"https:\/\/targuldeturism.ro\/en\/wp-json\/wp\/v2\/comments?post=7"}],"version-history":[{"count":6,"href":"https:\/\/targuldeturism.ro\/en\/wp-json\/wp\/v2\/pages\/7\/revisions"}],"predecessor-version":[{"id":1698,"href":"https:\/\/targuldeturism.ro\/en\/wp-json\/wp\/v2\/pages\/7\/revisions\/1698"}],"wp:attachment":[{"href":"https:\/\/targuldeturism.ro\/en\/wp-json\/wp\/v2\/media?parent=7"}],"curies":[{"name":"wp","href":"https:\/\/api.w.org\/{rel}","templated":true}]}}