{"id":1524,"date":"2025-08-05T16:12:41","date_gmt":"2025-08-05T13:12:41","guid":{"rendered":"https:\/\/targuldeturism.ro\/?page_id=1524"},"modified":"2026-02-06T11:18:53","modified_gmt":"2026-02-06T09:18:53","slug":"comunicate-de-presa-si-newslettere","status":"publish","type":"page","link":"https:\/\/targuldeturism.ro\/en\/comunicate-de-presa-si-newslettere\/","title":{"rendered":"Press releases and newsletters"},"content":{"rendered":"<div class=\"wpb-content-wrapper\"><div class=\"vc_row wpb_row vc_row-fluid vc_custom_1754400071314 vc_row-o-content-middle vc_row-flex\"><div class=\"wpb_column vc_column_container vc_col-sm-6\"><div class=\"vc_column-inner vc_custom_1561963982378\"><div class=\"wpb_wrapper\"><div id=\"ultimate-heading-525969d028d070b61\" class=\"uvc-heading ult-adjust-bottom-margin ultimate-heading-525969d028d070b61 uvc-5686\" data-hspacer=\"no_spacer\"  data-halign=\"center\" style=\"text-align:center\"><div class=\"uvc-heading-spacer no_spacer\" style=\"top\"><\/div><div class=\"uvc-main-heading ult-responsive\"  data-ultimate-target='.uvc-heading.ultimate-heading-525969d028d070b61 h2'  data-responsive-json-new='{\"font-size\":\"desktop:20px;\",\"line-height\":\"\"}' ><h2 style=\"text-decoration:underline;--font-weight:theme;\">Press releases<\/h2><\/div><\/div><div class=\"vc_empty_space\"   style=\"height: 32px\"><span class=\"vc_empty_space_inner\"><\/span><\/div><div class=\"standard-arrow list-divider bullet-top\"><p style=\"text-align: center;\"><strong><a href=\"https:\/\/romexpo.ro\/2026\/02\/06\/targul-de-turism-al-romaniei-editia-de-primavara-2026-vacante-exotice-si-destinatii-din-romania-intr-un-eveniment-care-pune-accent-pe-experienta-completa-a-calatoriei\/\">T\u00e2rgul de Turism al Rom\u00e2niei \u2013 edi\u021bia de prim\u0103var\u0103 2026: vacan\u021be exotice \u0219i destina\u021bii din Rom\u00e2nia, \u00eentr-un eveniment care pune accent pe experien\u021ba complet\u0103 a c\u0103l\u0103toriei!<\/a><\/strong><\/p>\n<p style=\"text-align: center;\"><strong><a href=\"https:\/\/romexpo.ro\/2026\/01\/15\/ttr-i-2026-punctul-de-plecare-pentru-vacantele-de-vara-ale-acestui-an\/\">TTR I 2026 \u2013 punctul de plecare pentru vacan\u021bele de var\u0103 ale acestui an!<\/a><\/strong><\/p>\n<p class=\"entry-title\" style=\"text-align: center;\"><strong><a href=\"https:\/\/romexpo.ro\/2025\/12\/19\/prinde-in-bugetul-de-marketing-participarea-la-cel-mai-important-eveniment-al-industriei\/\">Prinde \u00een bugetul de marketing participarea la cel mai important eveniment al industriei!<\/a><\/strong><\/p>\n<\/div><div class=\"hr-thin style-line\" style=\"width: 10%;border-top-width: 1px;\"><\/div><\/div><\/div><\/div><div class=\"wpb_column vc_column_container vc_col-sm-6\"><div class=\"vc_column-inner\"><div class=\"wpb_wrapper\"><div id=\"ultimate-heading-72569d028d070f75\" class=\"uvc-heading ult-adjust-bottom-margin ultimate-heading-72569d028d070f75 uvc-8910\" data-hspacer=\"no_spacer\"  data-halign=\"center\" style=\"text-align:center\"><div class=\"uvc-heading-spacer no_spacer\" style=\"top\"><\/div><div class=\"uvc-main-heading ult-responsive\"  data-ultimate-target='.uvc-heading.ultimate-heading-72569d028d070f75 h2'  data-responsive-json-new='{\"font-size\":\"desktop:20px;\",\"line-height\":\"\"}' ><h2 style=\"text-decoration:underline;--font-weight:theme;\">Newsletter<\/h2><\/div><\/div><div class=\"vc_empty_space\"   style=\"height: 32px\"><span class=\"vc_empty_space_inner\"><\/span><\/div><div class=\"standard-arrow list-divider bullet-top\"><p style=\"text-align: center;\"><strong><a href=\"https:\/\/mailchi.mp\/romexpo\/ttr-1-2026-15012026\">Oferte pentru vacan\u021bele din 2026 &#8211; \u00eentr-un singur loc!<\/a><\/strong><\/p>\n<\/div><div class=\"hr-thin style-line\" style=\"width: 10%;border-top-width: 1px;\"><\/div><\/div><\/div><\/div><\/div>\n<\/div>","protected":false},"excerpt":{"rendered":"<p>Comunicate de pres\u0103T\u00e2rgul de Turism al Rom\u00e2niei \u2013 edi\u021bia de prim\u0103var\u0103 2026: vacan\u021be exotice \u0219i destina\u021bii din Rom\u00e2nia, \u00eentr-un eveniment care pune accent pe experien\u021ba complet\u0103 a c\u0103l\u0103toriei! TTR I 2026 \u2013 punctul de plecare pentru vacan\u021bele de var\u0103 ale acestui an! Prinde \u00een bugetul de marketing participarea la cel mai important eveniment al industriei!&hellip;<\/p>","protected":false},"author":1,"featured_media":0,"parent":0,"menu_order":0,"comment_status":"closed","ping_status":"closed","template":"","meta":{"_monsterinsights_skip_tracking":false,"_monsterinsights_sitenote_active":false,"_monsterinsights_sitenote_note":"","_monsterinsights_sitenote_category":0,"_uf_show_specific_survey":0,"_uf_disable_surveys":false,"footnotes":""},"class_list":["post-1524","page","type-page","status-publish","hentry","description-off"],"aioseo_notices":[],"jetpack_sharing_enabled":true,"_links":{"self":[{"href":"https:\/\/targuldeturism.ro\/en\/wp-json\/wp\/v2\/pages\/1524","targetHints":{"allow":["GET"]}}],"collection":[{"href":"https:\/\/targuldeturism.ro\/en\/wp-json\/wp\/v2\/pages"}],"about":[{"href":"https:\/\/targuldeturism.ro\/en\/wp-json\/wp\/v2\/types\/page"}],"author":[{"embeddable":true,"href":"https:\/\/targuldeturism.ro\/en\/wp-json\/wp\/v2\/users\/1"}],"replies":[{"embeddable":true,"href":"https:\/\/targuldeturism.ro\/en\/wp-json\/wp\/v2\/comments?post=1524"}],"version-history":[{"count":12,"href":"https:\/\/targuldeturism.ro\/en\/wp-json\/wp\/v2\/pages\/1524\/revisions"}],"predecessor-version":[{"id":1639,"href":"https:\/\/targuldeturism.ro\/en\/wp-json\/wp\/v2\/pages\/1524\/revisions\/1639"}],"wp:attachment":[{"href":"https:\/\/targuldeturism.ro\/en\/wp-json\/wp\/v2\/media?parent=1524"}],"curies":[{"name":"wp","href":"https:\/\/api.w.org\/{rel}","templated":true}]}}