{"id":1438,"date":"2025-08-04T10:53:15","date_gmt":"2025-08-04T07:53:15","guid":{"rendered":"https:\/\/targuldeturism.ro\/?page_id=1438"},"modified":"2026-03-25T14:46:54","modified_gmt":"2026-03-25T12:46:54","slug":"info-vizitatori","status":"publish","type":"page","link":"https:\/\/targuldeturism.ro\/en\/info-vizitatori\/","title":{"rendered":"Vistors info"},"content":{"rendered":"<div class=\"wpb-content-wrapper\"><div class=\"vc_row wpb_row vc_row-fluid vc_custom_1561964015799 vc_row-o-equal-height vc_row-o-content-middle vc_row-flex\"><div class=\"wpb_column vc_column_container vc_col-sm-6\"><div class=\"vc_column-inner vc_custom_1561963982378\"><div class=\"wpb_wrapper\"><div id=\"ultimate-heading-851269d027da7d273\" class=\"uvc-heading ult-adjust-bottom-margin ultimate-heading-851269d027da7d273 uvc-4829  uvc-heading-default-font-sizes\" data-hspacer=\"no_spacer\"  data-halign=\"left\" style=\"text-align:left\"><div class=\"uvc-heading-spacer no_spacer\" style=\"top\"><\/div><div class=\"uvc-sub-heading ult-responsive\"  data-ultimate-target='.uvc-heading.ultimate-heading-851269d027da7d273 .uvc-sub-heading '  data-responsive-json-new='{\"font-size\":\"\",\"line-height\":\"\"}'  style=\"font-weight:normal;\"><\/p>\n<p style=\"text-align: justify;\">Come join us at the most prestigious event in the industry!<\/p>\n<p style=\"text-align: justify;\">It is the perfect opportunity to launch your products and services in a professional setting, to come into direct contact with opinion leaders and decision-makers, to identify new development directions and discover valuable opportunities for your business.<\/p>\n<p style=\"text-align: justify;\">The event provides an ideal environment for networking, idea exchange, innovation and strategic collaborations. Build lasting partnerships, get inspired by best practices and strengthen your position in the market.<\/p>\n<p style=\"text-align: justify;\">Don't miss this unique chance to take an important step in the evolution of your business!<\/p>\n<p><\/div><\/div><\/div><\/div><\/div><div class=\"wpb_column vc_column_container vc_col-sm-6\"><div class=\"vc_column-inner\"><div class=\"wpb_wrapper\">\n\t<div  class=\"wpb_single_image wpb_content_element vc_align_left  vc_custom_1754293886805\">\n\t\t\n\t\t<figure class=\"wpb_wrapper vc_figure\">\n\t\t\t<div class=\"vc_single_image-wrapper   vc_box_border_grey\"><img loading=\"lazy\" decoding=\"async\" width=\"2048\" height=\"1536\" src=\"https:\/\/targuldeturism.ro\/wp-content\/uploads\/2025\/08\/facebook_1754293260194_7358039238407331570.jpg\" class=\"vc_single_image-img attachment-full\" alt=\"\" title=\"facebook_1754293260194_7358039238407331570\" srcset=\"https:\/\/targuldeturism.ro\/wp-content\/uploads\/2025\/08\/facebook_1754293260194_7358039238407331570.jpg 2048w, https:\/\/targuldeturism.ro\/wp-content\/uploads\/2025\/08\/facebook_1754293260194_7358039238407331570-300x225.jpg 300w, https:\/\/targuldeturism.ro\/wp-content\/uploads\/2025\/08\/facebook_1754293260194_7358039238407331570-1024x768.jpg 1024w, https:\/\/targuldeturism.ro\/wp-content\/uploads\/2025\/08\/facebook_1754293260194_7358039238407331570-768x576.jpg 768w, https:\/\/targuldeturism.ro\/wp-content\/uploads\/2025\/08\/facebook_1754293260194_7358039238407331570-1536x1152.jpg 1536w\" sizes=\"auto, (max-width: 2048px) 100vw, 2048px\"  data-dt-location=\"https:\/\/targuldeturism.ro\/en\/info-vizitatori\/facebook_1754293260194_7358039238407331570\/\" \/><\/div>\n\t\t<\/figure>\n\t<\/div>\n<\/div><\/div><\/div><\/div><div class=\"vc_row wpb_row vc_row-fluid vc_custom_1561964015799 vc_row-o-equal-height vc_row-o-content-middle vc_row-flex\"><div class=\"wpb_column vc_column_container vc_col-sm-6\"><div class=\"vc_column-inner vc_custom_1561963982378\"><div class=\"wpb_wrapper\">\n\t<div  class=\"wpb_single_image wpb_content_element vc_align_left  vc_custom_1754293902830\">\n\t\t\n\t\t<figure class=\"wpb_wrapper vc_figure\">\n\t\t\t<div class=\"vc_single_image-wrapper   vc_box_border_grey\"><img loading=\"lazy\" decoding=\"async\" width=\"2012\" height=\"2048\" src=\"https:\/\/targuldeturism.ro\/wp-content\/uploads\/2025\/08\/facebook_1754293502504_7358040254730256313.jpg\" class=\"vc_single_image-img attachment-full\" alt=\"\" title=\"facebook_1754293502504_7358040254730256313\" srcset=\"https:\/\/targuldeturism.ro\/wp-content\/uploads\/2025\/08\/facebook_1754293502504_7358040254730256313.jpg 2012w, https:\/\/targuldeturism.ro\/wp-content\/uploads\/2025\/08\/facebook_1754293502504_7358040254730256313-295x300.jpg 295w, https:\/\/targuldeturism.ro\/wp-content\/uploads\/2025\/08\/facebook_1754293502504_7358040254730256313-1006x1024.jpg 1006w, https:\/\/targuldeturism.ro\/wp-content\/uploads\/2025\/08\/facebook_1754293502504_7358040254730256313-768x782.jpg 768w, https:\/\/targuldeturism.ro\/wp-content\/uploads\/2025\/08\/facebook_1754293502504_7358040254730256313-1509x1536.jpg 1509w\" sizes=\"auto, (max-width: 2012px) 100vw, 2012px\"  data-dt-location=\"https:\/\/targuldeturism.ro\/en\/info-vizitatori\/facebook_1754293502504_7358040254730256313\/\" \/><\/div>\n\t\t<\/figure>\n\t<\/div>\n<\/div><\/div><\/div><div class=\"wpb_column vc_column_container vc_col-sm-6\"><div class=\"vc_column-inner\"><div class=\"wpb_wrapper\"><div id=\"ultimate-heading-548269d027da7e7e5\" class=\"uvc-heading ult-adjust-bottom-margin ultimate-heading-548269d027da7e7e5 uvc-5740  uvc-heading-default-font-sizes\" data-hspacer=\"no_spacer\"  data-halign=\"left\" style=\"text-align:left\"><div class=\"uvc-heading-spacer no_spacer\" style=\"top\"><\/div><div class=\"uvc-sub-heading ult-responsive\"  data-ultimate-target='.uvc-heading.ultimate-heading-548269d027da7e7e5 .uvc-sub-heading '  data-responsive-json-new='{\"font-size\":\"\",\"line-height\":\"\"}'  style=\"font-weight:normal;\">19 \u2013 22 noiembrie 2026 ( joi \u2013 duminic\u0103 ), interval orar 10:00 \u2013 18:00<br \/>\nAcces pietonal: Por\u021bile A \u0219i B<br \/>\nBilet intrare: 20 lei\/zi<br \/>\nAcces auto: Parcarea B \u0219i C<br \/>\nTarif parcare: 10 lei\/ora<br \/>\nPavilion B2<\/div><\/div><\/div><\/div><\/div><\/div>\n<\/div>","protected":false},"excerpt":{"rendered":"<p>Vino al\u0103turi de noi la cel mai prestigios eveniment din industrie! Este ocazia perfect\u0103 s\u0103 \u00ee\u021bi lansezi produsele \u0219i serviciile \u00eentr-un cadru profesionist, s\u0103 intri \u00een contact direct cu lideri de opinie \u0219i factori de decizie, s\u0103 identifici noi direc\u021bii de dezvoltare \u0219i s\u0103 descoperi oportunit\u0103\u021bi valoroase pentru afacerea ta. Evenimentul ofer\u0103 un mediu ideal&hellip;<\/p>","protected":false},"author":1,"featured_media":0,"parent":0,"menu_order":0,"comment_status":"closed","ping_status":"closed","template":"","meta":{"_monsterinsights_skip_tracking":false,"_monsterinsights_sitenote_active":false,"_monsterinsights_sitenote_note":"","_monsterinsights_sitenote_category":0,"_uf_show_specific_survey":0,"_uf_disable_surveys":false,"footnotes":""},"class_list":["post-1438","page","type-page","status-publish","hentry","description-off"],"aioseo_notices":[],"jetpack_sharing_enabled":true,"_links":{"self":[{"href":"https:\/\/targuldeturism.ro\/en\/wp-json\/wp\/v2\/pages\/1438","targetHints":{"allow":["GET"]}}],"collection":[{"href":"https:\/\/targuldeturism.ro\/en\/wp-json\/wp\/v2\/pages"}],"about":[{"href":"https:\/\/targuldeturism.ro\/en\/wp-json\/wp\/v2\/types\/page"}],"author":[{"embeddable":true,"href":"https:\/\/targuldeturism.ro\/en\/wp-json\/wp\/v2\/users\/1"}],"replies":[{"embeddable":true,"href":"https:\/\/targuldeturism.ro\/en\/wp-json\/wp\/v2\/comments?post=1438"}],"version-history":[{"count":8,"href":"https:\/\/targuldeturism.ro\/en\/wp-json\/wp\/v2\/pages\/1438\/revisions"}],"predecessor-version":[{"id":1704,"href":"https:\/\/targuldeturism.ro\/en\/wp-json\/wp\/v2\/pages\/1438\/revisions\/1704"}],"wp:attachment":[{"href":"https:\/\/targuldeturism.ro\/en\/wp-json\/wp\/v2\/media?parent=1438"}],"curies":[{"name":"wp","href":"https:\/\/api.w.org\/{rel}","templated":true}]}}